{"id":3,"date":"2024-02-09T14:17:26","date_gmt":"2024-02-09T13:17:26","guid":{"rendered":"https:\/\/veez.ai\/?page_id=3"},"modified":"2025-02-19T17:53:14","modified_gmt":"2025-02-19T16:53:14","slug":"confidentialite-et-cookies","status":"publish","type":"page","link":"https:\/\/veez.ai\/en\/confidentialite-et-cookies\/","title":{"rendered":"Privacy and cookies"},"content":{"rendered":"<div class=\"fusion-fullwidth fullwidth-box fusion-builder-row-1 fusion-flex-container nonhundred-percent-fullwidth non-hundred-percent-height-scrolling\" style=\"--awb-border-radius-top-left:0px;--awb-border-radius-top-right:0px;--awb-border-radius-bottom-right:0px;--awb-border-radius-bottom-left:0px;--awb-flex-wrap:wrap;\" ><div class=\"fusion-builder-row fusion-row fusion-flex-align-items-center fusion-flex-justify-content-center fusion-flex-content-wrap\" style=\"max-width:1331.2px;margin-left: calc(-4% \/ 2 );margin-right: calc(-4% \/ 2 );\"><div class=\"fusion-layout-column fusion_builder_column fusion-builder-column-0 fusion_builder_column_4_5 4_5 fusion-flex-column\" style=\"--awb-bg-size:cover;--awb-width-large:80%;--awb-margin-top-large:0px;--awb-spacing-right-large:2.4%;--awb-margin-bottom-large:0px;--awb-spacing-left-large:2.4%;--awb-width-medium:80%;--awb-spacing-right-medium:2.4%;--awb-spacing-left-medium:2.4%;--awb-width-small:100%;--awb-spacing-right-small:1.92%;--awb-spacing-left-small:1.92%;\"><div class=\"fusion-column-wrapper fusion-flex-justify-content-flex-start fusion-content-layout-column\"><div class=\"fusion-text fusion-text-1\"><h4 style=\"text-align: center;\" data-start=\"73\" data-end=\"333\"><strong data-start=\"73\" data-end=\"92\">Confidentialit\u00e9 et Cookies<\/strong><\/h4>\n<p><strong data-start=\"73\" data-end=\"92\"> <\/strong><strong data-start=\"73\" data-end=\"92\" style=\"color: var(--awb-text-color); font-family: var(--awb-text-font-family); font-size: var(--awb-font-size); font-style: var(--awb-text-font-style); letter-spacing: var(--awb-letter-spacing); text-align: var(--awb-content-alignment); text-transform: var(--awb-text-transform); background-color: var(--awb-bg-color-hover);\">1. Pr\u00e9sentation<\/strong><\/p>\n<p>Notre site est accessible \u00e0 l\u2019adresse suivante : <a href=\"https:\/\/veez.ai\/en\/\" target=\"_new\" rel=\"noopener\" data-start=\"144\" data-end=\"178\">https:\/\/veez.ai<\/a>. Ce document vous informe sur la collecte, l\u2019utilisation et la transmission de vos donn\u00e9es personnelles, ainsi que sur l\u2019usage des cookies sur notre site.<\/p>\n<p data-start=\"335\" data-end=\"556\"><strong data-start=\"335\" data-end=\"348\">2. M\u00e9dias<\/strong><br data-start=\"348\" data-end=\"351\">Si vous t\u00e9l\u00e9versez des images sur le site, nous vous conseillons d\u2019\u00e9viter d\u2019y inclure des donn\u00e9es EXIF comportant des coordonn\u00e9es GPS, afin d\u2019emp\u00eacher des tiers d\u2019extraire ces informations de localisation.<\/p>\n<p data-start=\"558\" data-end=\"574\"><strong data-start=\"558\" data-end=\"572\">3. Cookies<\/strong><\/p>\n<ul data-start=\"575\" data-end=\"1451\">\n<li data-start=\"575\" data-end=\"806\"><strong data-start=\"577\" data-end=\"598\">Page de connexion<\/strong> : Un cookie temporaire est cr\u00e9\u00e9 pour v\u00e9rifier si votre navigateur accepte les cookies. Ce cookie, qui ne contient aucune donn\u00e9e personnelle, est supprim\u00e9 automatiquement \u00e0 la fermeture de votre navigateur.<\/li>\n<li data-start=\"807\" data-end=\"1194\"><strong data-start=\"809\" data-end=\"822\">Connexion<\/strong> : Lors de votre connexion, nous pla\u00e7ons divers cookies pour m\u00e9moriser vos informations de connexion et vos pr\u00e9f\u00e9rences d\u2019affichage. Le cookie de connexion est valable pendant deux jours (ou deux semaines si vous activez l\u2019option \u00ab Se souvenir de moi \u00bb), et le cookie de pr\u00e9f\u00e9rence d\u2019\u00e9cran expire au bout d\u2019un an. En vous d\u00e9connectant, le cookie de connexion est effac\u00e9.<\/li>\n<li data-start=\"1195\" data-end=\"1451\"><strong data-start=\"1197\" data-end=\"1213\">Publications<\/strong> : En modifiant ou en publiant un contenu, un cookie suppl\u00e9mentaire est enregistr\u00e9 dans votre navigateur. Celui-ci, ne contenant aucune donn\u00e9e personnelle, se limite \u00e0 indiquer l\u2019ID de la publication concern\u00e9e et expire au bout d\u2019un jour.<\/li>\n<\/ul>\n<p data-start=\"1453\" data-end=\"1796\"><strong data-start=\"1453\" data-end=\"1476\">4. Contenu Embarqu\u00e9<\/strong><br data-start=\"1476\" data-end=\"1479\">Les articles peuvent inclure des contenus int\u00e9gr\u00e9s (vid\u00e9os, images, articles, etc.) provenant d\u2019autres sites. Ces contenus se comportent comme si vous visitiez directement ces sites, lesquels peuvent collecter des donn\u00e9es, utiliser des cookies et int\u00e9grer des outils de suivi tiers, notamment si vous y \u00eates connect\u00e9.<\/p>\n<p data-start=\"1798\" data-end=\"1991\"><strong data-start=\"1798\" data-end=\"1860\">5. Utilisation et Transmission de Vos Donn\u00e9es Personnelles<\/strong><br data-start=\"1860\" data-end=\"1863\">Lorsqu\u2019une r\u00e9initialisation de mot de passe est demand\u00e9e, votre adresse IP est incluse dans l\u2019e-mail de r\u00e9initialisation envoy\u00e9.<\/p>\n<p data-start=\"1993\" data-end=\"2032\"><strong data-start=\"1993\" data-end=\"2030\">6. Dur\u00e9es de Stockage des Donn\u00e9es<\/strong><\/p>\n<ul data-start=\"2033\" data-end=\"2534\">\n<li data-start=\"2033\" data-end=\"2208\"><strong data-start=\"2035\" data-end=\"2055\">Contenus publi\u00e9s<\/strong> : Les contenus et leurs m\u00e9tadonn\u00e9es sont conserv\u00e9s ind\u00e9finiment afin de faciliter l\u2019approbation automatique des futures modifications ou mises \u00e0 jour.<\/li>\n<li data-start=\"2209\" data-end=\"2534\"><strong data-start=\"2211\" data-end=\"2235\">Comptes utilisateurs<\/strong> : Pour les comptes cr\u00e9\u00e9s sur notre site, nous stockons les donn\u00e9es personnelles indiqu\u00e9es dans le profil. Vous pouvez consulter, modifier ou supprimer ces informations \u00e0 tout moment (\u00e0 l\u2019exception de votre identifiant). Les gestionnaires du site ont \u00e9galement acc\u00e8s \u00e0 ces donn\u00e9es pour leur gestion.<\/li>\n<\/ul>\n<p data-start=\"2536\" data-end=\"2877\"><strong data-start=\"2536\" data-end=\"2553\">7. Vos Droits<\/strong><br data-start=\"2553\" data-end=\"2556\">Si vous poss\u00e9dez un compte ou avez contribu\u00e9 au site, vous pouvez demander \u00e0 recevoir un fichier contenant l\u2019ensemble des donn\u00e9es personnelles vous concernant, ou solliciter leur suppression. Notez toutefois que cela n\u2019inclut pas les donn\u00e9es conserv\u00e9es \u00e0 des fins administratives, l\u00e9gales ou pour des raisons de s\u00e9curit\u00e9.<\/p>\n<p data-start=\"2879\" data-end=\"3036\"><strong data-start=\"2879\" data-end=\"2910\">8. Transmission des Donn\u00e9es<\/strong><br data-start=\"2910\" data-end=\"2913\">Les donn\u00e9es des utilisateurs peuvent \u00eatre v\u00e9rifi\u00e9es \u00e0 l\u2019aide d\u2019un service automatis\u00e9 de d\u00e9tection d\u2019activit\u00e9s ind\u00e9sirables.<\/p>\n<p><!-- \/wp:paragraph --><\/p>\n<\/div><\/div><\/div><\/div><\/div>","protected":false},"excerpt":{"rendered":"","protected":false},"author":1,"featured_media":0,"parent":0,"menu_order":0,"comment_status":"closed","ping_status":"closed","template":"100-width.php","meta":{"footnotes":""},"class_list":["post-3","page","type-page","status-publish","hentry"],"_links":{"self":[{"href":"https:\/\/veez.ai\/en\/wp-json\/wp\/v2\/pages\/3","targetHints":{"allow":["GET"]}}],"collection":[{"href":"https:\/\/veez.ai\/en\/wp-json\/wp\/v2\/pages"}],"about":[{"href":"https:\/\/veez.ai\/en\/wp-json\/wp\/v2\/types\/page"}],"author":[{"embeddable":true,"href":"https:\/\/veez.ai\/en\/wp-json\/wp\/v2\/users\/1"}],"replies":[{"embeddable":true,"href":"https:\/\/veez.ai\/en\/wp-json\/wp\/v2\/comments?post=3"}],"version-history":[{"count":6,"href":"https:\/\/veez.ai\/en\/wp-json\/wp\/v2\/pages\/3\/revisions"}],"predecessor-version":[{"id":2521,"href":"https:\/\/veez.ai\/en\/wp-json\/wp\/v2\/pages\/3\/revisions\/2521"}],"wp:attachment":[{"href":"https:\/\/veez.ai\/en\/wp-json\/wp\/v2\/media?parent=3"}],"curies":[{"name":"wp","href":"https:\/\/api.w.org\/{rel}","templated":true}]}}